{"id":6513,"date":"2024-06-05T10:45:21","date_gmt":"2024-06-05T10:45:21","guid":{"rendered":"https:\/\/tajsafetyksa.com\/?post_type=product&#038;p=6513"},"modified":"2024-10-02T12:07:56","modified_gmt":"2024-10-02T12:07:56","slug":"\u0645\u0637\u0641\u0623\u0629-\u062d\u0631\u064a\u0642-\u062a\u0632\u0646-10-\u0643\u062c\u0645-\u0645\u0646-\u0627\u0644\u0645\u0633\u062d\u0648\u0642-\u0627\u0644\u062c\u0627\u0641","status":"publish","type":"product","link":"https:\/\/tajsafetyksa.com\/ar\/product\/\u0645\u0637\u0641\u0623\u0629-\u062d\u0631\u064a\u0642-\u062a\u0632\u0646-10-\u0643\u062c\u0645-\u0645\u0646-\u0627\u0644\u0645\u0633\u062d\u0648\u0642-\u0627\u0644\u062c\u0627\u0641\/","title":{"rendered":"\u0645\u0637\u0641\u0623\u0629 \u062d\u0631\u064a\u0642 \u0628\u0648\u062f\u0631\u0629 \u062c\u0627\u0641\u0629 \u062a\u0632\u0646 10 \u0643\u062c\u0645"},"content":{"rendered":"<p><span style=\"color: #000000;\">\u0646\u0642\u062f\u0645 \u0644\u0643 \u0645\u0637\u0641\u0623\u0629 \u0627\u0644\u062d\u0631\u064a\u0642 \u0628\u0627\u0644\u0645\u0633\u062d\u0648\u0642 \u0627\u0644\u062c\u0627\u0641 \u0633\u0639\u0629 10 \u0643\u062c\u0645\u060c \u0645\u0648\u062f\u064a\u0644 DP10 - \u0634\u0631\u064a\u0643\u0643 \u0627\u0644\u0645\u0648\u062b\u0648\u0642 \u0641\u064a \u0627\u0644\u0633\u0644\u0627\u0645\u0629 \u0645\u0646 \u0627\u0644\u062d\u0631\u0627\u0626\u0642. \u0635\u064f\u0645\u0645\u062a \u0645\u0637\u0641\u0623\u0629 \u0627\u0644\u062d\u0631\u064a\u0642 \u0647\u0630\u0647 \u0644\u062a\u0644\u0628\u064a\u0629 \u0645\u0639\u0627\u064a\u064a\u0631 \u0627\u0644\u0633\u0644\u0627\u0645\u0629 \u0627\u0644\u0635\u0627\u0631\u0645\u0629\u060c \u0648\u0647\u064a \u0625\u0636\u0627\u0641\u0629 \u0623\u0633\u0627\u0633\u064a\u0629 \u0644\u0623\u064a \u0645\u0646\u0632\u0644 \u0623\u0648 \u0645\u0643\u062a\u0628 \u0623\u0648 \u0645\u0643\u0627\u0646 \u0635\u0646\u0627\u0639\u064a. \u0628\u0641\u0636\u0644 \u0642\u062f\u0631\u0627\u062a\u0647\u0627 \u0627\u0644\u0641\u0627\u0626\u0642\u0629 \u0641\u064a \u0645\u0643\u0627\u0641\u062d\u0629 \u0627\u0644\u062d\u0631\u0627\u0626\u0642 \u0648\u0645\u064a\u0632\u0627\u062a\u0647\u0627 \u0633\u0647\u0644\u0629 \u0627\u0644\u0627\u0633\u062a\u062e\u062f\u0627\u0645\u060c \u062a\u0636\u0645\u0646 \u0644\u0643 \u0645\u0637\u0641\u0623\u0629 DP10 \u0623\u0646 \u062a\u0643\u0648\u0646 \u0645\u062c\u0647\u0632\u064b\u0627 \u062c\u064a\u062f\u064b\u0627 \u0644\u0644\u062a\u0639\u0627\u0645\u0644 \u0645\u0639 \u062d\u0627\u0644\u0627\u062a \u0627\u0644\u0637\u0648\u0627\u0631\u0626 \u0627\u0644\u0645\u062a\u0639\u0644\u0642\u0629 \u0628\u0627\u0644\u062d\u0631\u0627\u0626\u0642 \u0628\u0641\u0639\u0627\u0644\u064a\u0629.<\/span><\/p>\n<h2><span style=\"color: #000000;\"><strong>\u0627\u0644\u0645\u0648\u0627\u0635\u0641\u0627\u062a<\/strong><\/span><\/h2>\n<ul>\n<li><span style=\"color: #000000;\"><strong>\u0627\u0644\u0645\u0648\u062f\u064a\u0644:<\/strong> DP10<\/span><\/li>\n<li><span style=\"color: #000000;\"><strong>\u0627\u0644\u0648\u0632\u0646:<\/strong> 10 \u0643\u062c\u0645<\/span><\/li>\n<li><span style=\"color: #000000;\"><strong>\u062a\u0635\u0646\u064a\u0641 \u0627\u0644\u062d\u0631\u064a\u0642:<\/strong> 48A\/233B\/233B\/C<\/span><\/li>\n<li><span style=\"color: #000000;\"><strong>\u0627\u0644\u0633\u064f\u0645\u0643:<\/strong> 1.5 \u0645\u0645<\/span><\/li>\n<li><span style=\"color: #000000;\"><strong>\u0636\u063a\u0637 \u0627\u0644\u0639\u0645\u0644 \u0627\u0644\u0623\u0642\u0635\u0649:<\/strong> 18 \u0628\u0627\u0631<\/span><\/li>\n<li><span style=\"color: #000000;\"><strong>\u0627\u062e\u062a\u0628\u0627\u0631 \u0627\u0644\u0636\u063a\u0637:<\/strong> 27 \u0628\u0627\u0631<\/span><\/li>\n<li><span style=\"color: #000000;\"><strong>\u062d\u062c\u0645 \u0627\u0644\u0643\u0631\u062a\u0648\u0646:<\/strong> 58 \u00d7 18 \u00d7 18 \u00d7 18 \u0633\u0645<\/span><\/li>\n<li><span style=\"color: #000000;\"><strong>\u0646\u0637\u0627\u0642 \u062f\u0631\u062c\u0629 \u062d\u0631\u0627\u0631\u0629 \u0627\u0644\u062a\u0634\u063a\u064a\u0644:<\/strong> -20 \u062f\u0631\u062c\u0629 \u0645\u0626\u0648\u064a\u0629 \u0625\u0644\u0649 +55 \u062f\u0631\u062c\u0629 \u0645\u0626\u0648\u064a\u0629<\/span><\/li>\n<\/ul>\n<h2><span style=\"color: #000000;\"><strong>\u0627\u0644\u0645\u064a\u0632\u0627\u062a \u0627\u0644\u062a\u0641\u0635\u064a\u0644\u064a\u0629<\/strong><\/span><\/h2>\n<h3><span style=\"color: #000000;\"><strong>\u062a\u0635\u0646\u064a\u0641 \u0627\u0644\u062d\u0631\u064a\u0642 \u0627\u0644\u0639\u0627\u0644\u064a (48A\/233B\/C)<\/strong><\/span><\/h3>\n<p><span style=\"color: #000000;\">\u0642\u0627\u062f\u0631\u0629 \u0639\u0644\u0649 \u0625\u0637\u0641\u0627\u0621 \u0627\u0644\u062d\u0631\u0627\u0626\u0642 \u0645\u0646 \u0627\u0644\u0641\u0626\u0629 A (\u0627\u0644\u0645\u0648\u0627\u062f \u0627\u0644\u0642\u0627\u0628\u0644\u0629 \u0644\u0644\u0627\u062d\u062a\u0631\u0627\u0642 \u0627\u0644\u0639\u0627\u062f\u064a\u0629) \u0648\u0627\u0644\u0641\u0626\u0629 B (\u0627\u0644\u0633\u0648\u0627\u0626\u0644 \u0627\u0644\u0642\u0627\u0628\u0644\u0629 \u0644\u0644\u0627\u0634\u062a\u0639\u0627\u0644) \u0648\u0627\u0644\u0641\u0626\u0629 C (\u0627\u0644\u063a\u0627\u0632\u0627\u062a \u0627\u0644\u0642\u0627\u0628\u0644\u0629 \u0644\u0644\u0627\u0634\u062a\u0639\u0627\u0644)\u060c \u0645\u0645\u0627 \u064a\u062c\u0639\u0644\u0647\u0627 \u0645\u062a\u0639\u062f\u062f\u0629 \u0627\u0644\u0627\u0633\u062a\u062e\u062f\u0627\u0645\u0627\u062a \u0648\u0645\u0646\u0627\u0633\u0628\u0629 \u0644\u0645\u062e\u062a\u0644\u0641 \u0627\u0644\u0628\u064a\u0626\u0627\u062a.<\/span><\/p>\n<h3><span style=\"color: #000000;\"><strong>\u0628\u0646\u0627\u0621 \u0645\u062a\u064a\u0646<\/strong><\/span><\/h3>\n<p><span style=\"color: #000000;\">\u0635\u064f\u0646\u0639 \u0645\u0646 \u0623\u0633\u0637\u0648\u0627\u0646\u0629 \u0641\u0648\u0644\u0627\u0630\u064a\u0629 \u0645\u062a\u064a\u0646\u0629 \u0628\u0633\u0645\u0627\u0643\u0629 1.5 \u0645\u0645\u060c \u0645\u0645\u0627 \u064a\u0636\u0645\u0646 \u0637\u0648\u0644 \u0627\u0644\u0639\u0645\u0631 \u0648\u0627\u0644\u0645\u0631\u0648\u0646\u0629 \u0636\u062f \u0627\u0644\u0635\u062f\u0645\u0627\u062a \u0648\u0627\u0644\u0638\u0631\u0648\u0641 \u0627\u0644\u0628\u064a\u0626\u064a\u0629.<\/span><\/p>\n<h3><span style=\"color: #000000;\"><strong>\u0646\u0638\u0627\u0645 \u0627\u0644\u0636\u063a\u0637 \u0627\u0644\u0639\u0627\u0644\u064a \u0627\u0644\u0623\u062f\u0627\u0621<\/strong><\/span><\/h3>\n<p><span style=\"color: #000000;\">\u062a\u0639\u0645\u0644 \u0628\u0623\u0642\u0635\u0649 \u0636\u063a\u0637 \u062a\u0634\u063a\u064a\u0644 \u064a\u0628\u0644\u063a 18 \u0628\u0627\u0631\u060c \u0645\u0639 \u0636\u063a\u0637 \u0627\u062e\u062a\u0628\u0627\u0631\u064a \u064a\u0628\u0644\u063a 27 \u0628\u0627\u0631\u060c \u0645\u0645\u0627 \u064a\u0636\u0645\u0646 \u0643\u0641\u0627\u0621\u0629 \u0627\u0644\u062a\u0641\u0631\u064a\u063a \u0648\u0627\u0644\u0623\u062f\u0627\u0621 \u0627\u0644\u0623\u0645\u062b\u0644 \u0623\u062b\u0646\u0627\u0621 \u062d\u0627\u0644\u0627\u062a \u0627\u0644\u0637\u0648\u0627\u0631\u0626.<\/span><\/p>\n<h3><span style=\"color: #000000;\"><strong>\u0646\u0637\u0627\u0642 \u0648\u0627\u0633\u0639 \u0644\u062f\u0631\u062c\u0627\u062a \u0627\u0644\u062d\u0631\u0627\u0631\u0629<\/strong><\/span><\/h3>\n<p><span style=\"color: #000000;\">\u064a\u0639\u0645\u0644 \u0628\u0641\u0639\u0627\u0644\u064a\u0629 \u0641\u064a \u062f\u0631\u062c\u0627\u062a \u0627\u0644\u062d\u0631\u0627\u0631\u0629 \u0627\u0644\u0642\u0635\u0648\u0649 \u0627\u0644\u062a\u064a \u062a\u062a\u0631\u0627\u0648\u062d \u0645\u0646 -20 \u062f\u0631\u062c\u0629 \u0645\u0626\u0648\u064a\u0629 \u062a\u062d\u062a \u0627\u0644\u0635\u0641\u0631 \u0625\u0644\u0649 +55 \u062f\u0631\u062c\u0629 \u0645\u0626\u0648\u064a\u0629\u060c \u0645\u0645\u0627 \u064a\u0636\u0645\u0646 \u0627\u0644\u0645\u0648\u062b\u0648\u0642\u064a\u0629 \u0641\u064a \u0645\u062e\u062a\u0644\u0641 \u0627\u0644\u0645\u0646\u0627\u062e\u0627\u062a \u0648\u0627\u0644\u0638\u0631\u0648\u0641.<\/span><\/p>\n<h3><span style=\"color: #000000;\"><strong>\u062a\u0635\u0645\u064a\u0645 \u0633\u0647\u0644 \u0627\u0644\u0627\u0633\u062a\u062e\u062f\u0627\u0645<\/strong><\/span><\/h3>\n<p><span style=\"color: #000000;\">\u0645\u0642\u0628\u0636 \u0648\u0641\u0648\u0647\u0629 \u062a\u0641\u0631\u064a\u063a \u0645\u0635\u0645\u0645\u0629 \u0647\u0646\u062f\u0633\u064a\u064b\u0627 \u0644\u0633\u0647\u0648\u0644\u0629 \u0627\u0644\u062a\u0634\u063a\u064a\u0644. \u064a\u0636\u0645\u0646 \u0627\u0644\u062a\u0635\u0645\u064a\u0645 \u062e\u0641\u064a\u0641 \u0627\u0644\u0648\u0632\u0646 \u0627\u0644\u0630\u064a \u064a\u0628\u0644\u063a \u0648\u0632\u0646\u0647 10 \u0643\u062c\u0645 \u0625\u0645\u0643\u0627\u0646\u064a\u0629 \u0627\u0644\u062a\u0639\u0627\u0645\u0644 \u0645\u0639\u0647\u0627 \u0628\u0633\u0631\u0639\u0629 \u0641\u064a \u062d\u0627\u0644\u0627\u062a \u0627\u0644\u0637\u0648\u0627\u0631\u0626.<\/span><\/p>\n<h3><span style=\"color: #000000;\"><strong>\u0622\u0644\u064a\u0629 \u062a\u0641\u0631\u064a\u063a \u0641\u0639\u0627\u0644\u0629<\/strong><\/span><\/h3>\n<p><span style=\"color: #000000;\">\u0645\u062c\u0647\u0632 \u0628\u0646\u0638\u0627\u0645 \u0635\u0645\u0627\u0645 \u0639\u0627\u0644\u064a \u0627\u0644\u062c\u0648\u062f\u0629 \u0648\u062e\u0631\u0637\u0648\u0645 \u062a\u0641\u0631\u064a\u063a\u060c \u0645\u0645\u0627 \u064a\u0636\u0645\u0646 \u062a\u0641\u0631\u064a\u063a \u062f\u0642\u064a\u0642 \u0648\u0645\u0636\u0628\u0648\u0637 \u0644\u0645\u0627\u062f\u0629 \u0627\u0644\u0625\u0637\u0641\u0627\u0621 \u0628\u0627\u0644\u0645\u0633\u062d\u0648\u0642 \u0627\u0644\u062c\u0627\u0641.<\/span><\/p>\n<h2><span style=\"color: #000000;\"><strong>\u0627\u0644\u0645\u0632\u0627\u064a\u0627 \u0627\u0644\u0631\u0626\u064a\u0633\u064a\u0629<\/strong><\/span><\/h2>\n<h3><span style=\"color: #000000;\"><strong>\u0628\u0631\u0627\u0639\u0629 \u0641\u064a \u0627\u0644\u062a\u0637\u0628\u064a\u0642<\/strong><\/span><\/h3>\n<p><span style=\"color: #000000;\">\u0625\u0646 DP10 \u0645\u0646\u0627\u0633\u0628 \u0644\u0644\u0627\u0633\u062a\u062e\u062f\u0627\u0645 \u0641\u064a \u0627\u0644\u0628\u064a\u0626\u0627\u062a \u0627\u0644\u0633\u0643\u0646\u064a\u0629 \u0648\u0627\u0644\u062a\u062c\u0627\u0631\u064a\u0629 \u0648\u0627\u0644\u0635\u0646\u0627\u0639\u064a\u0629\u060c \u0645\u0645\u0627 \u064a\u0648\u0641\u0631 \u062d\u0645\u0627\u064a\u0629 \u0634\u0627\u0645\u0644\u0629 \u0645\u0646 \u0627\u0644\u062d\u0631\u0627\u0626\u0642 \u0641\u064a \u0628\u064a\u0626\u0627\u062a \u0645\u062a\u0646\u0648\u0639\u0629.<\/span><\/p>\n<h3><span style=\"color: #000000;\"><strong>\u0642\u062f\u0631\u0629 \u0641\u0627\u0626\u0642\u0629 \u0639\u0644\u0649 \u0625\u0637\u0641\u0627\u0621 \u0627\u0644\u062d\u0631\u0627\u0626\u0642<\/strong><\/span><\/h3>\n<p><span style=\"color: #000000;\">\u0648\u0628\u0641\u0636\u0644 \u062a\u0635\u0646\u064a\u0641\u0647\u0627 \u0627\u0644\u0639\u0627\u0644\u064a \u0641\u064a \u0645\u0642\u0627\u0648\u0645\u0629 \u0627\u0644\u062d\u0631\u0627\u0626\u0642\u060c \u064a\u0645\u0643\u0646\u0647\u0627 \u0627\u0644\u062a\u0639\u0627\u0645\u0644 \u0628\u0641\u0639\u0627\u0644\u064a\u0629 \u0645\u0639 \u0627\u0644\u062d\u0631\u0627\u0626\u0642 \u0627\u0644\u0643\u0628\u064a\u0631\u0629 \u0648\u0627\u0644\u0634\u062f\u064a\u062f\u0629\u060c \u0645\u0645\u0627 \u064a\u0648\u0641\u0631 \u0644\u0643 \u0631\u0627\u062d\u0629 \u0627\u0644\u0628\u0627\u0644 \u0648\u062a\u0639\u0632\u064a\u0632 \u0627\u0644\u0633\u0644\u0627\u0645\u0629.<\/span><\/p>\n<h3><span style=\"color: #000000;\"><strong>\u0627\u0644\u0645\u062a\u0627\u0646\u0629 \u0648\u0627\u0644\u0645\u0648\u062b\u0648\u0642\u064a\u0629<\/strong><\/span><\/h3>\n<p><span style=\"color: #000000;\">\u0635\u064f\u0645\u0645\u062a \u0627\u0644\u0628\u0646\u064a\u0629 \u0627\u0644\u0642\u0648\u064a\u0629 \u0648\u0646\u0638\u0627\u0645 \u0627\u0644\u0636\u063a\u0637 \u0627\u0644\u0639\u0627\u0644\u064a \u0644\u062a\u062a\u062d\u0645\u0644 \u0627\u0644\u0638\u0631\u0648\u0641 \u0627\u0644\u0642\u0627\u0633\u064a\u0629\u060c \u0648\u062a\u0636\u0645\u0646 \u0644\u0643 \u0627\u0644\u0628\u0646\u064a\u0629 \u0627\u0644\u0642\u0648\u064a\u0629 \u0648\u0646\u0638\u0627\u0645 \u0627\u0644\u0636\u063a\u0637 \u0627\u0644\u0639\u0627\u0644\u064a \u0623\u062f\u0627\u0621\u064b \u062b\u0627\u0628\u062a\u064b\u0627 \u0645\u0639 \u0645\u0631\u0648\u0631 \u0627\u0644\u0648\u0642\u062a.<\/span><\/p>\n<h3><span style=\"color: #000000;\"><strong>\u0627\u0644\u0633\u0644\u0627\u0645\u0629 \u0627\u0644\u0645\u0639\u0632\u0632\u0629<\/strong><\/span><\/h3>\n<p><span style=\"color: #000000;\">\u064a\u0636\u0645\u0646 \u0646\u0637\u0627\u0642 \u0627\u0644\u062a\u0634\u063a\u064a\u0644 \u0627\u0644\u0648\u0627\u0633\u0639 \u0644\u062f\u0631\u062c\u0627\u062a \u0627\u0644\u062d\u0631\u0627\u0631\u0629 \u0623\u0646 \u062a\u0638\u0644 \u0645\u0637\u0641\u0623\u0629 \u0627\u0644\u062d\u0631\u064a\u0642 \u062a\u0639\u0645\u0644 \u0641\u064a \u062f\u0631\u062c\u0627\u062a \u0627\u0644\u062d\u0631\u0627\u0631\u0629 \u0623\u0648 \u0627\u0644\u0628\u0631\u0648\u062f\u0629 \u0627\u0644\u0634\u062f\u064a\u062f\u0629\u060c \u0645\u0645\u0627 \u064a\u062c\u0639\u0644\u0647\u0627 \u062e\u064a\u0627\u0631\u064b\u0627 \u0645\u0648\u062b\u0648\u0642\u064b\u0627 \u0628\u0647 \u0641\u064a \u062c\u0645\u064a\u0639 \u0627\u0644\u0641\u0635\u0648\u0644.<\/span><\/p>\n<h3><span style=\"color: #000000;\"><strong>\u0633\u0647\u0648\u0644\u0629 \u0627\u0644\u0627\u0633\u062a\u062e\u062f\u0627\u0645<\/strong><\/span><\/h3>\n<p><span style=\"color: #000000;\">\u064a\u0636\u0645\u0646 \u0627\u0644\u062a\u0635\u0645\u064a\u0645 \u0633\u0647\u0644 \u0627\u0644\u0627\u0633\u062a\u062e\u062f\u0627\u0645 \u0625\u0645\u0643\u0627\u0646\u064a\u0629 \u062a\u0634\u063a\u064a\u0644\u0647 \u0628\u0641\u0639\u0627\u0644\u064a\u0629 \u062d\u062a\u0649 \u0644\u0645\u0646 \u0644\u062f\u064a\u0647\u0645 \u0627\u0644\u062d\u062f \u0627\u0644\u0623\u062f\u0646\u0649 \u0645\u0646 \u0627\u0644\u062a\u062f\u0631\u064a\u0628\u060c \u0645\u0645\u0627 \u064a\u062c\u0639\u0644\u0647 \u0641\u064a \u0645\u062a\u0646\u0627\u0648\u0644 \u0627\u0644\u062c\u0645\u064a\u0639.<\/span><\/p>\n<h3><span style=\"color: #000000;\"><strong>\u0645\u062f\u0645\u062c\u0629 \u0648\u0645\u062d\u0645\u0648\u0644\u0629<\/strong><\/span><\/h3>\n<p><span style=\"color: #000000;\">\u0639\u0644\u0649 \u0627\u0644\u0631\u063a\u0645 \u0645\u0646 \u0633\u0639\u0629 DP10 \u0627\u0644\u0642\u0648\u064a\u0629\u060c \u0625\u0644\u0627 \u0623\u0646\u0647 \u0635\u063a\u064a\u0631 \u0627\u0644\u062d\u062c\u0645 \u0648\u0633\u0647\u0644 \u0627\u0644\u062a\u062e\u0632\u064a\u0646\u060c \u0645\u0645\u0627 \u064a\u0636\u0645\u0646 \u0639\u062f\u0645 \u0627\u062d\u062a\u0644\u0627\u0644\u0647 \u0645\u0633\u0627\u062d\u0629 \u0643\u0628\u064a\u0631\u0629 \u0645\u0639 \u0633\u0647\u0648\u0644\u0629 \u0627\u0644\u0648\u0635\u0648\u0644 \u0625\u0644\u064a\u0647.<\/span><\/p>\n<h2><span style=\"color: #000000;\"><strong>\u0646\u0642\u0627\u0637 \u0627\u0644\u0628\u064a\u0639 \u0627\u0644\u0641\u0631\u064a\u062f\u0629 \u0645\u0646 \u0646\u0648\u0639\u0647\u0627<\/strong><\/span><\/h2>\n<ul>\n<li><span style=\"color: #000000;\"><strong>\u0645\u0637\u0641\u0623\u0629 \u062d\u0631\u064a\u0642 \u0645\u062a\u0639\u062f\u062f\u0629 \u0627\u0644\u0641\u0626\u0627\u062a:<\/strong> \u0639\u0644\u0649 \u0639\u0643\u0633 \u0627\u0644\u0639\u062f\u064a\u062f \u0645\u0646 \u0637\u0641\u0627\u064a\u0627\u062a \u0627\u0644\u062d\u0631\u064a\u0642 \u0627\u0644\u062a\u064a \u062a\u0642\u062a\u0635\u0631 \u0639\u0644\u0649 \u0641\u0626\u0627\u062a \u0645\u062d\u062f\u062f\u0629 \u0645\u0646 \u0627\u0644\u062d\u0631\u0627\u0626\u0642\u060c \u062a\u0648\u0641\u0631 \u0637\u0641\u0627\u064a\u0629 DP10 \u062a\u063a\u0637\u064a\u0629 \u0648\u0627\u0633\u0639\u0629 \u0627\u0644\u0646\u0637\u0627\u0642 \u0639\u0628\u0631 \u062d\u0631\u0627\u0626\u0642 \u0627\u0644\u0641\u0626\u0629 A \u0648B \u0648C.<\/span><\/li>\n<li><span style=\"color: #000000;\"><strong>\u0627\u062e\u062a\u0628\u0627\u0631 \u0635\u0627\u0631\u0645:<\/strong> \u062a\u062e\u0636\u0639 \u0643\u0644 \u0648\u062d\u062f\u0629 \u0644\u0627\u062e\u062a\u0628\u0627\u0631\u0627\u062a \u0635\u0627\u0631\u0645\u0629 \u0644\u0644\u062a\u0623\u0643\u062f \u0645\u0646 \u0623\u0646\u0647\u0627 \u062a\u0641\u064a \u0628\u0645\u0639\u0627\u064a\u064a\u0631 \u0627\u0644\u0633\u0644\u0627\u0645\u0629 \u0648\u0627\u0644\u0623\u062f\u0627\u0621 \u0627\u0644\u0639\u0627\u0644\u064a\u0629\u060c \u0645\u0645\u0627 \u064a\u0648\u0641\u0631 \u0644\u0643 \u062d\u0644\u0627\u064b \u0645\u0648\u062b\u0648\u0642\u0627\u064b \u0644\u0645\u0643\u0627\u0641\u062d\u0629 \u0627\u0644\u062d\u0631\u0627\u0626\u0642.<\/span><\/li>\n<li><span style=\"color: #000000;\"><strong>\u0639\u0627\u0645\u0644 \u0635\u062f\u064a\u0642 \u0644\u0644\u0628\u064a\u0626\u0629:<\/strong> \u064a\u0633\u062a\u062e\u062f\u0645 \u0645\u0633\u062d\u0648\u0642 \u0625\u0637\u0641\u0627\u0621 \u062c\u0627\u0641 \u0641\u0639\u0627\u0644 \u0648\u0622\u0645\u0646 \u0628\u064a\u0626\u064a\u0627\u064b\u060c \u0645\u0645\u0627 \u064a\u0642\u0644\u0644 \u0645\u0646 \u0627\u0644\u062a\u0623\u062b\u064a\u0631 \u0639\u0644\u0649 \u0627\u0644\u0628\u064a\u0626\u0629.<\/span><\/li>\n<\/ul>\n<p><span style=\"color: #000000;\">\u062a\u0639\u062a\u0628\u0631 \u0645\u0637\u0641\u0623\u0629 \u0627\u0644\u062d\u0631\u064a\u0642 \u0628\u0627\u0644\u0645\u0633\u062d\u0648\u0642 \u0627\u0644\u062c\u0627\u0641 \u0633\u0639\u0629 10 \u0643\u062c\u0645\u060c \u0645\u0648\u062f\u064a\u0644 DP10\u060c \u0639\u0646\u0635\u0631\u064b\u0627 \u0623\u0633\u0627\u0633\u064a\u064b\u0627 \u0641\u064a \u0623\u064a \u062e\u0637\u0629 \u0644\u0644\u0633\u0644\u0627\u0645\u0629 \u0645\u0646 \u0627\u0644\u062d\u0631\u0627\u0626\u0642. \u0625\u0646 \u0645\u064a\u0632\u0627\u062a\u0647\u0627 \u0627\u0644\u0645\u062a\u0642\u062f\u0645\u0629 \u0648\u0645\u0648\u062b\u0648\u0642\u064a\u062a\u0647\u0627 \u0627\u0644\u062a\u064a \u0644\u0627 \u0645\u062b\u064a\u0644 \u0644\u0647\u0627 \u0648\u0633\u0647\u0648\u0644\u0629 \u0627\u0633\u062a\u062e\u062f\u0627\u0645\u0647\u0627 \u062a\u062c\u0639\u0644\u0647\u0627 \u0623\u062f\u0627\u0629 \u0644\u0627 \u063a\u0646\u0649 \u0639\u0646\u0647\u0627 \u0644\u062d\u0645\u0627\u064a\u0629 \u0627\u0644\u0623\u0631\u0648\u0627\u062d \u0648\u0627\u0644\u0645\u0645\u062a\u0644\u0643\u0627\u062a. \u0627\u0633\u062a\u062b\u0645\u0631 \u0641\u064a \u0645\u0637\u0641\u0623\u0629 \u0627\u0644\u062d\u0631\u064a\u0642 DP10 \u0627\u0644\u064a\u0648\u0645 \u0648\u062c\u0647\u0650\u0651\u0632 \u0646\u0641\u0633\u0643 \u0628\u0623\u0641\u0636\u0644 \u062a\u0643\u0646\u0648\u0644\u0648\u062c\u064a\u0627 \u0644\u0644\u0633\u0644\u0627\u0645\u0629 \u0645\u0646 \u0627\u0644\u062d\u0631\u0627\u0626\u0642.<\/span><\/p>\n<p><span style=\"color: #000000;\">\u0644\u0645\u0632\u064a\u062f \u0645\u0646 \u0627\u0644\u0645\u0639\u0644\u0648\u0645\u0627\u062a \u0623\u0648 \u0644\u0644\u0637\u0644\u0628\u060c \u064a\u064f\u0631\u062c\u0649 \u0627\u0644\u0627\u062a\u0635\u0627\u0644 \u0628\u0641\u0631\u064a\u0642 \u0627\u0644\u0645\u0628\u064a\u0639\u0627\u062a \u0623\u0648 \u0632\u064a\u0627\u0631\u0629 \u0645\u0648\u0642\u0639\u0646\u0627 \u0627\u0644\u0625\u0644\u0643\u062a\u0631\u0648\u0646\u064a. \u062d\u0627\u0641\u0638 \u0639\u0644\u0649 \u0633\u0644\u0627\u0645\u062a\u0643 \u0648\u0643\u0646 \u0645\u0633\u062a\u0639\u062f\u0627\u064b \u0645\u0639 \u0645\u0637\u0641\u0623\u0629 \u0627\u0644\u062d\u0631\u064a\u0642 DP10.<\/span><\/p>","protected":false},"excerpt":{"rendered":"<p>\u0627\u0636\u0645\u0646 \u0633\u0644\u0627\u0645\u062a\u0643 \u0648\u062a\u0623\u0647\u0628\u0643 \u0645\u0639 \u0645\u0637\u0641\u0623\u0629 \u0627\u0644\u062d\u0631\u064a\u0642 \u0630\u0627\u062a \u0627\u0644\u0645\u0633\u062d\u0648\u0642 \u0627\u0644\u062c\u0627\u0641 \u0633\u0639\u0629 10 \u0643\u062c\u0645 \u0627\u0644\u0645\u062a\u0648\u0641\u0631\u0629 \u0644\u062f\u0649 \u062a\u0627\u062c \u0627\u0644\u0633\u0644\u0627\u0645\u0629 \u0643\u0633\u0627\u0621. \u0635\u064f\u0645\u0645\u062a \u0647\u0630\u0647 \u0627\u0644\u0645\u0637\u0641\u0623\u0629 \u0645\u062a\u0639\u062f\u062f\u0629 \u0627\u0644\u0627\u0633\u062a\u062e\u062f\u0627\u0645\u0627\u062a \u0644\u0645\u0643\u0627\u0641\u062d\u0629 \u0627\u0644\u062d\u0631\u0627\u0626\u0642 \u0645\u0646 \u0627\u0644\u0641\u0626\u0629 A \u0648 B \u0648 C\u060c \u0648\u062a\u0633\u062a\u062e\u062f\u0645 \u0645\u0637\u0641\u0623\u0629 \u0627\u0644\u062d\u0631\u064a\u0642 \u0645\u062a\u0639\u062f\u062f\u0629 \u0627\u0644\u0627\u0633\u062a\u062e\u062f\u0627\u0645\u0627\u062a \u0647\u0630\u0647 \u0645\u0633\u062d\u0648\u0642\u064b\u0627 \u062c\u0627\u0641\u064b\u0627 \u0639\u0627\u0644\u064a \u0627\u0644\u062c\u0648\u062f\u0629 \u0644\u0625\u062e\u0645\u0627\u062f \u0627\u0644\u0646\u064a\u0631\u0627\u0646 \u0628\u0641\u0639\u0627\u0644\u064a\u0629 \u0641\u064a \u0645\u062c\u0645\u0648\u0639\u0629 \u0645\u062a\u0646\u0648\u0639\u0629 \u0645\u0646 \u0627\u0644\u0628\u064a\u0626\u0627\u062a\u060c \u0628\u0645\u0627 \u0641\u064a \u0630\u0644\u0643 \u0627\u0644\u0645\u0646\u0627\u0632\u0644 \u0648\u0627\u0644\u0645\u0643\u0627\u062a\u0628 \u0648\u0627\u0644\u0623\u0645\u0627\u0643\u0646 \u0627\u0644\u0635\u0646\u0627\u0639\u064a\u0629. \u062a\u0633\u0645\u062d \u0633\u0639\u062a\u0647\u0627 \u0627\u0644\u0642\u0648\u064a\u0629 \u0627\u0644\u062a\u064a \u062a\u0628\u0644\u063a 10 \u0643\u062c\u0645 \u0628\u0625\u0637\u0627\u0644\u0629 \u0648\u0642\u062a \u0627\u0644\u062a\u0641\u0631\u064a\u063a\u060c \u0645\u0645\u0627 \u064a\u0648\u0641\u0631 \u062d\u0645\u0627\u064a\u0629 \u0645\u0648\u062b\u0648\u0642\u0629 \u0645\u0646 \u0627\u0644\u062d\u0631\u0627\u0626\u0642 \u0639\u0646\u062f\u0645\u0627 \u062a\u0643\u0648\u0646 \u0641\u064a \u0623\u0645\u0633 \u0627\u0644\u062d\u0627\u062c\u0629 \u0625\u0644\u064a\u0647\u0627. \u062a\u064f\u0639\u062f \u0645\u0637\u0641\u0623\u0629 \u0627\u0644\u062d\u0631\u064a\u0642 \u0647\u0630\u0647 \u062e\u0641\u064a\u0641\u0629 \u0627\u0644\u0648\u0632\u0646 \u0648\u0633\u0647\u0644\u0629 \u0627\u0644\u062a\u0634\u063a\u064a\u0644\u060c \u0648\u0647\u064a \u0625\u0636\u0627\u0641\u0629 \u0623\u0633\u0627\u0633\u064a\u0629 \u0644\u0645\u0639\u062f\u0627\u062a \u0627\u0644\u0633\u0644\u0627\u0645\u0629 \u0627\u0644\u062e\u0627\u0635\u0629 \u0628\u0643\u060c \u0645\u0645\u0627 \u064a\u0648\u0641\u0631 \u0644\u0643 \u0631\u0627\u062d\u0629 \u0627\u0644\u0628\u0627\u0644 \u0641\u064a \u062d\u0627\u0644\u0627\u062a \u0627\u0644\u0637\u0648\u0627\u0631\u0626 \u0627\u0644\u0645\u062a\u0639\u0644\u0642\u0629 \u0628\u0627\u0644\u062d\u0631\u0627\u0626\u0642.<\/p>","protected":false},"featured_media":6514,"comment_status":"open","ping_status":"closed","template":"","meta":[],"product_cat":[257,191],"product_tag":[],"class_list":{"0":"post-6513","1":"product","2":"type-product","3":"status-publish","4":"has-post-thumbnail","6":"product_cat-portable-fire-extinguishers","7":"product_cat-powder-fire-extinguishers","9":"first","10":"instock","11":"sale","12":"shipping-taxable","13":"purchasable","14":"product-type-simple"},"_links":{"self":[{"href":"https:\/\/tajsafetyksa.com\/ar\/wp-json\/wp\/v2\/product\/6513","targetHints":{"allow":["GET"]}}],"collection":[{"href":"https:\/\/tajsafetyksa.com\/ar\/wp-json\/wp\/v2\/product"}],"about":[{"href":"https:\/\/tajsafetyksa.com\/ar\/wp-json\/wp\/v2\/types\/product"}],"replies":[{"embeddable":true,"href":"https:\/\/tajsafetyksa.com\/ar\/wp-json\/wp\/v2\/comments?post=6513"}],"wp:featuredmedia":[{"embeddable":true,"href":"https:\/\/tajsafetyksa.com\/ar\/wp-json\/wp\/v2\/media\/6514"}],"wp:attachment":[{"href":"https:\/\/tajsafetyksa.com\/ar\/wp-json\/wp\/v2\/media?parent=6513"}],"wp:term":[{"taxonomy":"product_cat","embeddable":true,"href":"https:\/\/tajsafetyksa.com\/ar\/wp-json\/wp\/v2\/product_cat?post=6513"},{"taxonomy":"product_tag","embeddable":true,"href":"https:\/\/tajsafetyksa.com\/ar\/wp-json\/wp\/v2\/product_tag?post=6513"}],"curies":[{"name":"wp","href":"https:\/\/api.w.org\/{rel}","templated":true}]}}